{"id":6472,"date":"2019-11-26T13:10:56","date_gmt":"2019-11-26T13:10:56","guid":{"rendered":"https:\/\/www.accsysplc.com\/producten\/supply-chain-procurement\/"},"modified":"2026-02-16T12:37:09","modified_gmt":"2026-02-16T12:37:09","slug":"supply-chain-procurement","status":"publish","type":"page","link":"https:\/\/www.accsysplc.com\/nl\/producten\/supply-chain-procurement\/","title":{"rendered":"Bestuur"},"content":{"rendered":"\n<p>Accsys zet zich in voor duurzaam ondernemen, met integriteit en openheid, en voor ethisch, milieuvriendelijk en maatschappelijk verantwoord handelen. Naast het produceren van duurzame producten, streven we ernaar onze activiteiten zo uit te voeren dat we goed milieu-, sociaal en maatschappelijk verantwoord ondernemen ondersteunen en bevorderen.<\/p>\n\n\n\n<p>De <a href=\"https:\/\/wp-accsys-2025.s3.eu-west-2.amazonaws.com\/media\/2025\/01\/Accsys-Code-of-Conduct-and-Ethics-Policy.pdf\" target=\"_blank\" rel=\"noreferrer noopener\">Gedragscode en het Ethiekbeleid<\/a> van Accsys stellen verwachtingen vast voor ethisch gedrag, integriteit en verantwoording binnen de hele organisatie. Alle medewerkers ontvangen regelmatig training over dit beleid, dat de benadering van Accsys ten aanzien van ethisch gedrag en onze nultolerantie voor wangedrag omvat. We verwachten van al onze leveranciers dat zij voldoen aan onze <a href=\"https:\/\/wp-accsys-2025.s3.eu-west-2.amazonaws.com\/media\/2025\/12\/Accsys-Supply-Chain-Code-of-Conduct-2025.pdf\" target=\"_blank\" rel=\"noreferrer noopener\">Gedragscode voor Leveranciers<\/a>, die onze nultolerantie voor onethisch gedrag buiten onze eigen activiteiten en in onze toeleveringsketen versterkt.<\/p>\n\n\n\n<p>We stemmen onze werkwijzen af \u200b\u200bop erkende internationale normen en leveren transparante duurzaamheidsrapportage, in overeenstemming met GRI en SASB. We rapporteren jaarlijks aan de S&amp;P Corporate Sustainability Assessment, waar we in boekjaar 2025 onze positie in de top 20% van onze sector, Papier en Bosproducten, hebben behouden.<\/p>\n\n\n\n<div class=\"wp-block-columns has-white-color has-text-color has-background has-link-color wp-elements-7c2f0f8b237d4f546317d602e36d0ab2 is-layout-flex wp-container-core-columns-is-layout-9d6595d7 wp-block-columns-is-layout-flex\" style=\"background-color:#173f35\">\n<div class=\"wp-block-column is-vertically-aligned-center is-layout-flow wp-block-column-is-layout-flow\" style=\"flex-basis:33.33%\">\n<div class=\"wp-block-group is-vertical is-layout-flex wp-container-core-group-is-layout-8cf370e7 wp-block-group-is-layout-flex\">\n<h2 class=\"wp-block-heading has-white-color has-text-color has-link-color wp-elements-6306e0253c62b7e1ff91858e7fbc3862\" style=\"font-size:100px\"><strong>+11<\/strong><\/h2>\n\n\n\n<h2 class=\"wp-block-heading has-white-color has-text-color has-link-color wp-elements-a7bd3104e6d69b4e04eb791fda067ba7\" style=\"font-size:15px\">puntenstijging in de S&amp;P Global Corporate Sustainability Assessment (CSA)<\/h2>\n<\/div>\n<\/div>\n\n\n\n<div class=\"wp-block-column is-layout-flow wp-block-column-is-layout-flow\" style=\"flex-basis:66.66%\">\n<h2 class=\"wp-block-heading has-white-color has-text-color has-link-color has-medium-font-size wp-elements-e96e201daf978acc06ebd1857d928bef\"><strong>Erkenning voor goed ondernemingsbestuur<\/strong><\/h2>\n\n\n\n<p class=\"has-white-color has-text-color has-link-color wp-elements-ac9e5f6c66d3b56815a049a1532f614d\">Accsys blijft deelnemen aan de S&amp;P Global Corporate Sustainability Assessment (CSA), die bedrijven beoordeelt op een breed scala aan ESG-criteria, waaronder klimaatstrategie, governance, maatschappelijk verantwoord ondernemen en risicomanagement. Onze deelname garandeert transparantie en verantwoording en biedt een duidelijk beeld van hoe de werkwijzen van Accsys aansluiten bij wereldwijde normen en branchegenoten.<\/p>\n\n\n\n<p class=\"has-white-color has-text-color has-link-color wp-elements-4b95e34718fd9b04e31e79dd11069fd0\">We zijn verheugd te kunnen melden dat Accsys in boekjaar 2025 een score van 56\/100 heeft behaald in de S&amp;P CSA. Dit is een aanzienlijke verbetering ten opzichte van het voorgaande jaar en betekent dat Accsys voor het derde opeenvolgende jaar stevig in de top 20% van onze sector (papier en bosbouwproducten) staat.<\/p>\n<\/div>\n<\/div>\n\n\n\n<h2 class=\"wp-block-heading\"><strong>Inkoop<\/strong><\/h2>\n\n\n\n<p>Bij het bepalen van onze inkoopstrategie worden beslissingen genomen op basis van de beste prijs-kwaliteitverhouding en met inachtneming van de totale eigendomskosten gedurende de levensduur. Hierbij wordt rekening gehouden met de aankoopprijs en de lopende kosten voor onderhoud, reserveonderdelen, verbruiksartikelen, operationele kosten en afvalverwerking. Naast de financi\u00eble impact wordt ook rekening gehouden met de milieu- en sociale kosten.<\/p>\n\n\n\n<div class=\"wp-block-columns is-layout-flex wp-container-core-columns-is-layout-9d6595d7 wp-block-columns-is-layout-flex\">\n<div class=\"wp-block-column is-layout-flow wp-block-column-is-layout-flow\">\n<p>Wij betrekken hout uit gecertificeerde, duurzame bosbouw en onze leveranciers moeten voldoen aan de strenge criteria voor traceerbaarheid die zijn vastgesteld door de Forest Stewardship Council (FSC\u00ae), het Programme for Endorsement of Forest Certification (PEFC) of gelijkwaardige, gerenommeerde en intern erkende certificeringssystemen. <\/p>\n\n\n\n<p>We hebben volledige traceerbaarheid van onze houtlevering en zijn bereid te voldoen aan de eisen van de EU-verordening inzake ontbossingsvrije producten. Naast naleving van onze Gedragscode voor Leveranciers verwachten we van al onze leveranciers dat zij hun steun voor de principes van het VN Global Compact bevestigen. Dit compact is gebaseerd op tien universeel aanvaarde principes op het gebied van mensenrechten, arbeid, milieu en corruptiebestrijding. Leveranciers zonder een Gedragscode voor Leveranciers of een Verklaring inzake Slavernij en Mensenhandel zullen worden gevraagd of zij voldoen aan de Verklaring van Accsys inzake Moderne Slavernij en Mensenrechten. <a href=\"https:\/\/www.accsysplc.com\/nl\/social\/\" target=\"_blank\" rel=\"noreferrer noopener\">Lees meer<\/a> over onze toeleveringsketen en mensenrechten.<\/p>\n\n\n\n<p><a id=\"_msocom_1\"><\/a><\/p>\n<\/div>\n\n\n\n<div class=\"wp-block-column is-layout-flow wp-block-column-is-layout-flow\">\n<figure class=\"wp-block-image aligncenter size-large\"><img loading=\"lazy\" decoding=\"async\" width=\"1024\" height=\"683\" src=\"https:\/\/wp-accsys-2025.s3.eu-west-2.amazonaws.com\/media\/2026\/01\/Profit-Page-14-1-1024x683.jpg\" alt=\"\" class=\"wp-image-10127\" srcset=\"https:\/\/wp-accsys-2025.s3.eu-west-2.amazonaws.com\/media\/2026\/01\/Profit-Page-14-1-1024x683.jpg 1024w, https:\/\/wp-accsys-2025.s3.eu-west-2.amazonaws.com\/media\/2026\/01\/Profit-Page-14-1-300x200.jpg 300w, https:\/\/wp-accsys-2025.s3.eu-west-2.amazonaws.com\/media\/2026\/01\/Profit-Page-14-1-768x512.jpg 768w, https:\/\/wp-accsys-2025.s3.eu-west-2.amazonaws.com\/media\/2026\/01\/Profit-Page-14-1-1536x1025.jpg 1536w, https:\/\/wp-accsys-2025.s3.eu-west-2.amazonaws.com\/media\/2026\/01\/Profit-Page-14-1-2048x1366.jpg 2048w, https:\/\/wp-accsys-2025.s3.eu-west-2.amazonaws.com\/media\/2026\/01\/Profit-Page-14-1-450x300.jpg 450w, https:\/\/wp-accsys-2025.s3.eu-west-2.amazonaws.com\/media\/2026\/01\/Profit-Page-14-1-1200x800.jpg 1200w, https:\/\/wp-accsys-2025.s3.eu-west-2.amazonaws.com\/media\/2026\/01\/Profit-Page-14-1-2000x1334.jpg 2000w, https:\/\/wp-accsys-2025.s3.eu-west-2.amazonaws.com\/media\/2026\/01\/Profit-Page-14-1-1349x900.jpg 1349w\" sizes=\"auto, (max-width: 1024px) 100vw, 1024px\" \/><\/figure>\n<\/div>\n<\/div>\n\n\n\n<div class=\"wp-block-columns is-layout-flex wp-container-core-columns-is-layout-9d6595d7 wp-block-columns-is-layout-flex\">\n<div class=\"wp-block-column is-layout-flow wp-block-column-is-layout-flow\">\n<figure class=\"wp-block-image size-large\"><img loading=\"lazy\" decoding=\"async\" width=\"1024\" height=\"683\" src=\"https:\/\/wp-accsys-2025.s3.eu-west-2.amazonaws.com\/media\/2026\/01\/page-27-1-1024x683.jpg\" alt=\"\" class=\"wp-image-10129\" srcset=\"https:\/\/wp-accsys-2025.s3.eu-west-2.amazonaws.com\/media\/2026\/01\/page-27-1-1024x683.jpg 1024w, https:\/\/wp-accsys-2025.s3.eu-west-2.amazonaws.com\/media\/2026\/01\/page-27-1-300x200.jpg 300w, https:\/\/wp-accsys-2025.s3.eu-west-2.amazonaws.com\/media\/2026\/01\/page-27-1-768x512.jpg 768w, https:\/\/wp-accsys-2025.s3.eu-west-2.amazonaws.com\/media\/2026\/01\/page-27-1-1536x1024.jpg 1536w, https:\/\/wp-accsys-2025.s3.eu-west-2.amazonaws.com\/media\/2026\/01\/page-27-1-2048x1365.jpg 2048w, https:\/\/wp-accsys-2025.s3.eu-west-2.amazonaws.com\/media\/2026\/01\/page-27-1-450x300.jpg 450w, https:\/\/wp-accsys-2025.s3.eu-west-2.amazonaws.com\/media\/2026\/01\/page-27-1-1200x800.jpg 1200w, https:\/\/wp-accsys-2025.s3.eu-west-2.amazonaws.com\/media\/2026\/01\/page-27-1-2000x1333.jpg 2000w, https:\/\/wp-accsys-2025.s3.eu-west-2.amazonaws.com\/media\/2026\/01\/page-27-1-1350x900.jpg 1350w\" sizes=\"auto, (max-width: 1024px) 100vw, 1024px\" \/><\/figure>\n<\/div>\n\n\n\n<div class=\"wp-block-column is-layout-flow wp-block-column-is-layout-flow\">\n<p>Als bedrijf met <a href=\"https:\/\/c2ccertified.org\/certified-products\/accoya-wood\" target=\"_blank\" rel=\"noreferrer noopener\">Cradle to Cradle (\u2018C2C\u2019)-certificering<\/a> geven we prioriteit aan producten en diensten die ook een hoog C2C-accreditatieniveau hebben behaald en\/of gebruikmaken van dergelijke producten of andere erkende ecolabels hebben verkregen.<\/p>\n\n\n\n<p>Ook de relatie met de leverancier wordt in overweging genomen, evenals de responsiviteit, ondersteuning, flexibiliteit, de kwaliteit van de goederen en diensten, de naleving van gezondheids- en veiligheidsprincipes en een ethisch verantwoorde toeleveringsketen.<\/p>\n\n\n\n<p>Accsys is voornemens zaken te doen op basis van haar algemene voorwaarden. Indien de zakelijke relatie van strategisch belang is, zullen kapitaalgoederen, raamovereenkomsten of andere specifieke overeenkomsten worden gesloten.<\/p>\n<\/div>\n<\/div>\n\n\n\n<h2 class=\"wp-block-heading\"><strong>Cyberbeveiliging<\/strong><\/h2>\n\n\n\n<p>Het toezicht op cyberbeveiliging is formeel ge\u00efntegreerd in onze bestuursstructuur. De Raad van Commissarissen ontvangt via de Auditcommissie regelmatig updates over IT-risico&#8217;s en -weerbaarheid. Ons Hoofd IT rapporteert rechtstreeks aan het Senior Managementteam, waardoor cyberbeveiliging een strategische prioriteit blijft binnen de gehele organisatie.<\/p>\n\n\n\n<p>Accsys zet zich in voor de implementatie en het handhaven van een hoge standaard op het gebied van cyberbeveiliging. Dit omvat een model voor continue verbetering van informatiebeveiligingssystemen, ondersteund door robuust beleid, gecontroleerde infrastructuur en proactief toezicht. We streven naar de integriteit en bescherming van gegevens en werken aan het monitoren en beheren van eventuele beveiligingsdreigingen. Medewerkers zijn verantwoordelijk voor het naleven van ons beleid voor IT-gegevensgebruik en we zetten ons in voor regelmatige trainingen op het gebied van cyberbeveiligingsbewustzijn.<\/p>\n\n\n\n<p>We hebben een uitgebreid IT-managementsysteem en voeren regelmatig externe audits en kwetsbaarheidsanalyses uit om onze systemen te beschermen tegen bedreigingen en ze continu te verbeteren. We voeren ook interne audits uit om risico&#8217;s te monitoren en mitigatiestrategie\u00ebn te implementeren. Incidentresponsplannen worden jaarlijks getest en we hebben maatregelen getroffen om inbreuken te voorkomen, de gegevensintegriteit te waarborgen en te plannen voor bedrijfscontinu\u00efteit.<\/p>\n\n\n\n<p>Ons IT-gebruiksbeleid beschrijft duidelijke escalatieprocedures voor medewerkers om incidenten te melden. Cybersecuritybewustzijn wordt bevorderd door middel van verplichte trainingen die de verantwoordelijkheid voor cybersecurity bij alle medewerkers vaststellen. Accsys verwacht ook van haar leveranciers dat zij passende beveiligingsmaatregelen hebben getroffen.<\/p>\n\n\n\n<p><\/p>\n\n\n\n<div class=\"wp-block-columns has-background is-layout-flex wp-container-core-columns-is-layout-9d6595d7 wp-block-columns-is-layout-flex\" style=\"background-color:#ebe5d6\">\n<div class=\"wp-block-column is-layout-flow wp-block-column-is-layout-flow\">\n<figure class=\"wp-block-image aligncenter size-large\"><img loading=\"lazy\" decoding=\"async\" width=\"1024\" height=\"720\" src=\"https:\/\/wp-accsys-2025.s3.eu-west-2.amazonaws.com\/media\/2026\/01\/DMA-1024x720.png\" alt=\"\" class=\"wp-image-10119\" srcset=\"https:\/\/wp-accsys-2025.s3.eu-west-2.amazonaws.com\/media\/2026\/01\/DMA-1024x720.png 1024w, https:\/\/wp-accsys-2025.s3.eu-west-2.amazonaws.com\/media\/2026\/01\/DMA-300x211.png 300w, https:\/\/wp-accsys-2025.s3.eu-west-2.amazonaws.com\/media\/2026\/01\/DMA-768x540.png 768w, https:\/\/wp-accsys-2025.s3.eu-west-2.amazonaws.com\/media\/2026\/01\/DMA-450x316.png 450w, https:\/\/wp-accsys-2025.s3.eu-west-2.amazonaws.com\/media\/2026\/01\/DMA.png 1030w\" sizes=\"auto, (max-width: 1024px) 100vw, 1024px\" \/><\/figure>\n<\/div>\n\n\n\n<div class=\"wp-block-column is-layout-flow wp-block-column-is-layout-flow\">\n<h2 class=\"wp-block-heading has-medium-font-size\"><strong><strong>Dubbele materialiteitsbeoordeling<\/strong><\/strong><\/h2>\n\n\n\n<p>Als onderdeel van onze inzet voor goed bestuur hebben we in 2025 een dubbele materialiteitsbeoordeling uitgevoerd om de belangrijkste materi\u00eble risico&#8217;s, kansen en impacten van Accsys in kaart te brengen. De beoordeling toont aan hoe duurzaamheidskwesties het bedrijf be\u00efnvloeden (financi\u00eble materialiteit) en hoe de bedrijfsvoering van Accsys mensen en het milieu be\u00efnvloedt (impactmaterialiteit). De volledige bevindingen hiervan vormen de basis van ons <a href=\"https:\/\/wp-accsys-2025.s3.eu-west-2.amazonaws.com\/media\/2025\/11\/Accsys-Cares_Sustainability-Plan-and-Material-Issues.pdf\" target=\"_blank\" rel=\"noreferrer noopener\">Duurzaamheidsplan<\/a>, dat onze strategische aanpak beschrijft voor het beheren van duurzaamheids- en klimaat-gerelateerde risico&#8217;s, impacten en kansen. De risico&#8217;s die zijn ge\u00efdentificeerd als onderdeel van de dubbele materialiteitsbeoordeling worden meegenomen in het bredere Enterprise Risk Management-proces van Accsys.<\/p>\n<\/div>\n<\/div>\n\n\n\n<h2 class=\"wp-block-heading\">More Resources<\/h2>\n\n\n\n<div class=\"wp-block-group is-vertical is-layout-flex wp-container-core-group-is-layout-8cf370e7 wp-block-group-is-layout-flex\">\n<div class=\"wp-block-buttons is-layout-flex wp-block-buttons-is-layout-flex\">\n<div class=\"wp-block-button is-style-fill\"><a class=\"wp-block-button__link has-text-color has-background has-link-color wp-element-button\" href=\"https:\/\/wp-accsys-2025.s3.eu-west-2.amazonaws.com\/media\/2025\/01\/Accsys-Code-of-Conduct-and-Ethics-Policy.pdf\" style=\"color:#173f35;background-color:#00000000\" target=\"_blank\" rel=\"noreferrer noopener\">Accsys Code of Conduct and Ethics Policy<\/a><\/div>\n<\/div>\n\n\n\n<div class=\"wp-block-buttons is-layout-flex wp-block-buttons-is-layout-flex\">\n<div class=\"wp-block-button is-style-fill\"><a class=\"wp-block-button__link has-text-color has-background has-link-color wp-element-button\" href=\"https:\/\/wp-accsys-2025.s3.eu-west-2.amazonaws.com\/media\/2025\/12\/Accsys-Supply-Chain-Code-of-Conduct-2025.pdf\" style=\"color:#173f35;background-color:#00000000\" target=\"_blank\" rel=\"noreferrer noopener\">Accsys Supply Chain Code of Conduct<\/a><\/div>\n<\/div>\n<\/div>\n\n\n\n<div class=\"wp-block-buttons is-layout-flex wp-block-buttons-is-layout-flex\">\n<div class=\"wp-block-button is-style-fill\"><a class=\"wp-block-button__link has-text-color has-background has-link-color wp-element-button\" href=\"https:\/\/wp-accsys-2025.s3.eu-west-2.amazonaws.com\/media\/2020\/01\/English-Terms-and-Conditions-of-Purchase-Accsys-Group.pdf\" style=\"color:#173f35;background-color:#00000000\" target=\"_blank\" rel=\"noreferrer noopener\">Accsys General Terms and Conditions of Purchase<\/a><\/div>\n<\/div>\n\n\n\n<p><\/p>\n\n\n\n<h2 class=\"wp-block-heading\">Kwaliteit<\/h2>\n\n\n\n<p><a href=\"https:\/\/wp-accsys-2025.s3.eu-west-2.amazonaws.com\/media\/2025\/03\/ISO-9001-Certificate-for-Arnhem-Site-1.pdf\"><strong>ISO-9001 certificaat voor de vestiging in Arnhem<\/strong><\/a><\/p>\n\n\n\n<p><\/p>\n\n\n\n<p><\/p>\n","protected":false},"excerpt":{"rendered":"<p>Accsys zet zich in voor duurzaam ondernemen, met integriteit en openheid, en voor ethisch, milieuvriendelijk en maatschappelijk verantwoord handelen. Naast het produceren van duurzame producten, streven we ernaar onze activiteiten zo uit te voeren dat we goed milieu-, sociaal en &#8230;<\/p>\n","protected":false},"author":34,"featured_media":0,"parent":3706,"menu_order":0,"comment_status":"closed","ping_status":"closed","template":"","meta":{"_acf_changed":false,"footnotes":""},"class_list":["post-6472","page","type-page","status-publish","hentry"],"acf":[],"yoast_head":"<!-- This site is optimized with the Yoast SEO plugin v27.3 - https:\/\/yoast.com\/product\/yoast-seo-wordpress\/ -->\n<title>Procurement &amp; Supply Chain - Environmental Responsibility - Accsys<\/title>\n<meta name=\"description\" content=\"In addition to producing sustainable products, we aim to conduct our business in a way that supports and promotes good environmental, social and corporate responsibility.\" \/>\n<meta name=\"robots\" content=\"index, follow, max-snippet:-1, max-image-preview:large, max-video-preview:-1\" \/>\n<link rel=\"canonical\" href=\"https:\/\/www.accsysplc.com\/nl\/producten\/supply-chain-procurement\/\" \/>\n<meta property=\"og:locale\" content=\"nl_NL\" \/>\n<meta property=\"og:type\" content=\"article\" \/>\n<meta property=\"og:title\" content=\"Procurement &amp; Supply Chain - Environmental Responsibility - Accsys\" \/>\n<meta property=\"og:description\" content=\"In addition to producing sustainable products, we aim to conduct our business in a way that supports and promotes good environmental, social and corporate responsibility.\" \/>\n<meta property=\"og:url\" content=\"https:\/\/www.accsysplc.com\/nl\/producten\/supply-chain-procurement\/\" \/>\n<meta property=\"og:site_name\" content=\"Accsys Technologies PLC\" \/>\n<meta property=\"article:modified_time\" content=\"2026-02-16T12:37:09+00:00\" \/>\n<meta property=\"og:image\" content=\"https:\/\/www.accsysplc.com\/wp-content\/uploads\/2026\/01\/Profit-Page-14-1-1024x683.jpg\" \/>\n<meta name=\"twitter:card\" content=\"summary_large_image\" \/>\n<meta name=\"twitter:label1\" content=\"Geschatte leestijd\" \/>\n\t<meta name=\"twitter:data1\" content=\"5 minuten\" \/>\n<script type=\"application\/ld+json\" class=\"yoast-schema-graph\">{\"@context\":\"https:\\\/\\\/schema.org\",\"@graph\":[{\"@type\":\"WebPage\",\"@id\":\"https:\\\/\\\/www.accsysplc.com\\\/nl\\\/producten\\\/supply-chain-procurement\\\/\",\"url\":\"https:\\\/\\\/www.accsysplc.com\\\/nl\\\/producten\\\/supply-chain-procurement\\\/\",\"name\":\"Procurement & Supply Chain - Environmental Responsibility - Accsys\",\"isPartOf\":{\"@id\":\"https:\\\/\\\/www.accsysplc.com\\\/#website\"},\"primaryImageOfPage\":{\"@id\":\"https:\\\/\\\/www.accsysplc.com\\\/nl\\\/producten\\\/supply-chain-procurement\\\/#primaryimage\"},\"image\":{\"@id\":\"https:\\\/\\\/www.accsysplc.com\\\/nl\\\/producten\\\/supply-chain-procurement\\\/#primaryimage\"},\"thumbnailUrl\":\"https:\\\/\\\/www.accsysplc.com\\\/wp-content\\\/uploads\\\/2026\\\/01\\\/Profit-Page-14-1-1024x683.jpg\",\"datePublished\":\"2019-11-26T13:10:56+00:00\",\"dateModified\":\"2026-02-16T12:37:09+00:00\",\"description\":\"In addition to producing sustainable products, we aim to conduct our business in a way that supports and promotes good environmental, social and corporate responsibility.\",\"breadcrumb\":{\"@id\":\"https:\\\/\\\/www.accsysplc.com\\\/nl\\\/producten\\\/supply-chain-procurement\\\/#breadcrumb\"},\"inLanguage\":\"nl-NL\",\"potentialAction\":[{\"@type\":\"ReadAction\",\"target\":[\"https:\\\/\\\/www.accsysplc.com\\\/nl\\\/producten\\\/supply-chain-procurement\\\/\"]}]},{\"@type\":\"ImageObject\",\"inLanguage\":\"nl-NL\",\"@id\":\"https:\\\/\\\/www.accsysplc.com\\\/nl\\\/producten\\\/supply-chain-procurement\\\/#primaryimage\",\"url\":\"https:\\\/\\\/www.accsysplc.com\\\/wp-content\\\/uploads\\\/2026\\\/01\\\/Profit-Page-14-1-1024x683.jpg\",\"contentUrl\":\"https:\\\/\\\/www.accsysplc.com\\\/wp-content\\\/uploads\\\/2026\\\/01\\\/Profit-Page-14-1-1024x683.jpg\"},{\"@type\":\"BreadcrumbList\",\"@id\":\"https:\\\/\\\/www.accsysplc.com\\\/nl\\\/producten\\\/supply-chain-procurement\\\/#breadcrumb\",\"itemListElement\":[{\"@type\":\"ListItem\",\"position\":1,\"name\":\"Home\",\"item\":\"https:\\\/\\\/www.accsysplc.com\\\/nl\\\/\"},{\"@type\":\"ListItem\",\"position\":2,\"name\":\"Producten\",\"item\":\"https:\\\/\\\/www.accsysplc.com\\\/nl\\\/producten\\\/\"},{\"@type\":\"ListItem\",\"position\":3,\"name\":\"Bestuur\"}]},{\"@type\":\"WebSite\",\"@id\":\"https:\\\/\\\/www.accsysplc.com\\\/#website\",\"url\":\"https:\\\/\\\/www.accsysplc.com\\\/\",\"name\":\"Accsys Technologies PLC\",\"description\":\"Changing wood to change the world\",\"potentialAction\":[{\"@type\":\"SearchAction\",\"target\":{\"@type\":\"EntryPoint\",\"urlTemplate\":\"https:\\\/\\\/www.accsysplc.com\\\/?s={search_term_string}\"},\"query-input\":{\"@type\":\"PropertyValueSpecification\",\"valueRequired\":true,\"valueName\":\"search_term_string\"}}],\"inLanguage\":\"nl-NL\"}]}<\/script>\n<!-- \/ Yoast SEO plugin. -->","yoast_head_json":{"title":"Procurement & Supply Chain - Environmental Responsibility - Accsys","description":"In addition to producing sustainable products, we aim to conduct our business in a way that supports and promotes good environmental, social and corporate responsibility.","robots":{"index":"index","follow":"follow","max-snippet":"max-snippet:-1","max-image-preview":"max-image-preview:large","max-video-preview":"max-video-preview:-1"},"canonical":"https:\/\/www.accsysplc.com\/nl\/producten\/supply-chain-procurement\/","og_locale":"nl_NL","og_type":"article","og_title":"Procurement & Supply Chain - Environmental Responsibility - Accsys","og_description":"In addition to producing sustainable products, we aim to conduct our business in a way that supports and promotes good environmental, social and corporate responsibility.","og_url":"https:\/\/www.accsysplc.com\/nl\/producten\/supply-chain-procurement\/","og_site_name":"Accsys Technologies PLC","article_modified_time":"2026-02-16T12:37:09+00:00","og_image":[{"url":"https:\/\/www.accsysplc.com\/wp-content\/uploads\/2026\/01\/Profit-Page-14-1-1024x683.jpg","type":"","width":"","height":""}],"twitter_card":"summary_large_image","twitter_misc":{"Geschatte leestijd":"5 minuten"},"schema":{"@context":"https:\/\/schema.org","@graph":[{"@type":"WebPage","@id":"https:\/\/www.accsysplc.com\/nl\/producten\/supply-chain-procurement\/","url":"https:\/\/www.accsysplc.com\/nl\/producten\/supply-chain-procurement\/","name":"Procurement & Supply Chain - Environmental Responsibility - Accsys","isPartOf":{"@id":"https:\/\/www.accsysplc.com\/#website"},"primaryImageOfPage":{"@id":"https:\/\/www.accsysplc.com\/nl\/producten\/supply-chain-procurement\/#primaryimage"},"image":{"@id":"https:\/\/www.accsysplc.com\/nl\/producten\/supply-chain-procurement\/#primaryimage"},"thumbnailUrl":"https:\/\/www.accsysplc.com\/wp-content\/uploads\/2026\/01\/Profit-Page-14-1-1024x683.jpg","datePublished":"2019-11-26T13:10:56+00:00","dateModified":"2026-02-16T12:37:09+00:00","description":"In addition to producing sustainable products, we aim to conduct our business in a way that supports and promotes good environmental, social and corporate responsibility.","breadcrumb":{"@id":"https:\/\/www.accsysplc.com\/nl\/producten\/supply-chain-procurement\/#breadcrumb"},"inLanguage":"nl-NL","potentialAction":[{"@type":"ReadAction","target":["https:\/\/www.accsysplc.com\/nl\/producten\/supply-chain-procurement\/"]}]},{"@type":"ImageObject","inLanguage":"nl-NL","@id":"https:\/\/www.accsysplc.com\/nl\/producten\/supply-chain-procurement\/#primaryimage","url":"https:\/\/www.accsysplc.com\/wp-content\/uploads\/2026\/01\/Profit-Page-14-1-1024x683.jpg","contentUrl":"https:\/\/www.accsysplc.com\/wp-content\/uploads\/2026\/01\/Profit-Page-14-1-1024x683.jpg"},{"@type":"BreadcrumbList","@id":"https:\/\/www.accsysplc.com\/nl\/producten\/supply-chain-procurement\/#breadcrumb","itemListElement":[{"@type":"ListItem","position":1,"name":"Home","item":"https:\/\/www.accsysplc.com\/nl\/"},{"@type":"ListItem","position":2,"name":"Producten","item":"https:\/\/www.accsysplc.com\/nl\/producten\/"},{"@type":"ListItem","position":3,"name":"Bestuur"}]},{"@type":"WebSite","@id":"https:\/\/www.accsysplc.com\/#website","url":"https:\/\/www.accsysplc.com\/","name":"Accsys Technologies PLC","description":"Changing wood to change the world","potentialAction":[{"@type":"SearchAction","target":{"@type":"EntryPoint","urlTemplate":"https:\/\/www.accsysplc.com\/?s={search_term_string}"},"query-input":{"@type":"PropertyValueSpecification","valueRequired":true,"valueName":"search_term_string"}}],"inLanguage":"nl-NL"}]}},"_links":{"self":[{"href":"https:\/\/www.accsysplc.com\/nl\/wp-json\/wp\/v2\/pages\/6472","targetHints":{"allow":["GET"]}}],"collection":[{"href":"https:\/\/www.accsysplc.com\/nl\/wp-json\/wp\/v2\/pages"}],"about":[{"href":"https:\/\/www.accsysplc.com\/nl\/wp-json\/wp\/v2\/types\/page"}],"author":[{"embeddable":true,"href":"https:\/\/www.accsysplc.com\/nl\/wp-json\/wp\/v2\/users\/34"}],"replies":[{"embeddable":true,"href":"https:\/\/www.accsysplc.com\/nl\/wp-json\/wp\/v2\/comments?post=6472"}],"version-history":[{"count":3,"href":"https:\/\/www.accsysplc.com\/nl\/wp-json\/wp\/v2\/pages\/6472\/revisions"}],"predecessor-version":[{"id":10249,"href":"https:\/\/www.accsysplc.com\/nl\/wp-json\/wp\/v2\/pages\/6472\/revisions\/10249"}],"up":[{"embeddable":true,"href":"https:\/\/www.accsysplc.com\/nl\/wp-json\/wp\/v2\/pages\/3706"}],"wp:attachment":[{"href":"https:\/\/www.accsysplc.com\/nl\/wp-json\/wp\/v2\/media?parent=6472"}],"curies":[{"name":"wp","href":"https:\/\/api.w.org\/{rel}","templated":true}]}}